{"id":851,"date":"2025-08-02T14:30:40","date_gmt":"2025-08-02T14:30:40","guid":{"rendered":"https:\/\/nakorn-thai-spa.de\/?page_id=851"},"modified":"2025-08-02T14:32:02","modified_gmt":"2025-08-02T14:32:02","slug":"kraueterstempel-massagen","status":"publish","type":"page","link":"https:\/\/nakorn-thai-spa.de\/index.php\/kraueterstempel-massagen\/","title":{"rendered":"Kr\u00e4uterstempel Massagen"},"content":{"rendered":"\t\t<div data-elementor-type=\"wp-page\" data-elementor-id=\"851\" class=\"elementor elementor-851\">\n\t\t\t\t<div class=\"elementor-element elementor-element-51b81702 e-flex e-con-boxed e-con e-parent\" data-id=\"51b81702\" data-element_type=\"container\" data-e-type=\"container\">\n\t\t\t\t\t<div class=\"e-con-inner\">\n\t\t\t\t<div class=\"elementor-element elementor-element-626aa3e0 elementor-widget elementor-widget-text-editor\" data-id=\"626aa3e0\" data-element_type=\"widget\" data-e-type=\"widget\" data-widget_type=\"text-editor.default\">\n\t\t\t\t\t\t\t\t\t<h4><strong>Kr\u00e4uterstempel Massage<\/strong><\/h4><p><strong><br \/><\/strong><span data-huuid=\"11064013929731379529\">Eine Kr\u00e4uterstempelmassage ist eine Massageform, bei der mit warmen, mit Kr\u00e4utern gef\u00fcllten Stempeln gearbeitet wird, um Entspannung und Wohlbefinden zu f\u00f6rdern. <\/span><span data-huuid=\"11064013929731383016\">Die W\u00e4rme und die \u00e4therischen \u00d6le der Kr\u00e4uter sollen Verspannungen l\u00f6sen, die Durchblutung anregen und Stress reduzieren<\/span>.<\/p>\t\t\t\t\t\t\t\t<\/div>\n\t\t\t\t\t<\/div>\n\t\t\t\t<\/div>\n\t\t<div class=\"elementor-element elementor-element-7abad46 e-flex e-con-boxed e-con e-parent\" data-id=\"7abad46\" data-element_type=\"container\" data-e-type=\"container\">\n\t\t\t\t\t<div class=\"e-con-inner\">\n\t\t\t\t<div class=\"elementor-element elementor-element-6640504 elementor-align-center elementor-widget elementor-widget-button\" data-id=\"6640504\" data-element_type=\"widget\" data-e-type=\"widget\" data-widget_type=\"button.default\">\n\t\t\t\t\t\t\t\t\t\t<a class=\"elementor-button elementor-button-link elementor-size-sm\" href=\"https:\/\/nakorn-thai-spa.de\/#wpcf7-f151-o1\">\n\t\t\t\t\t\t<span class=\"elementor-button-content-wrapper\">\n\t\t\t\t\t\t\t\t\t<span class=\"elementor-button-text\">Buchen<\/span>\n\t\t\t\t\t<\/span>\n\t\t\t\t\t<\/a>\n\t\t\t\t\t\t\t\t<\/div>\n\t\t\t\t\t<\/div>\n\t\t\t\t<\/div>\n\t\t\t\t<\/div>\n\t\t","protected":false},"excerpt":{"rendered":"<p>Kr\u00e4uterstempel Massage Eine Kr\u00e4uterstempelmassage ist eine Massageform, bei der mit warmen, mit Kr\u00e4utern gef\u00fcllten Stempeln gearbeitet wird, um Entspannung und Wohlbefinden zu f\u00f6rdern. Die W\u00e4rme und die \u00e4therischen \u00d6le der Kr\u00e4uter sollen Verspannungen l\u00f6sen, die Durchblutung anregen und Stress reduzieren. Buchen<\/p>\n","protected":false},"author":1,"featured_media":0,"parent":0,"menu_order":0,"comment_status":"closed","ping_status":"open","template":"","meta":{"_monsterinsights_skip_tracking":false,"_monsterinsights_sitenote_active":false,"_monsterinsights_sitenote_note":"","_monsterinsights_sitenote_category":0,"footnotes":""},"class_list":["post-851","page","type-page","status-publish","hentry"],"yoast_head":"<!-- This site is optimized with the Yoast SEO plugin v27.3 - https:\/\/yoast.com\/product\/yoast-seo-wordpress\/ -->\n<title>Kr\u00e4uterstempel Massagen - Nakorn Thai Spa<\/title>\n<meta name=\"robots\" content=\"index, follow, max-snippet:-1, max-image-preview:large, max-video-preview:-1\" \/>\n<link rel=\"canonical\" href=\"https:\/\/nakorn-thai-spa.de\/index.php\/kraueterstempel-massagen\/\" \/>\n<meta property=\"og:locale\" content=\"de_DE\" \/>\n<meta property=\"og:type\" content=\"article\" \/>\n<meta property=\"og:title\" content=\"Kr\u00e4uterstempel Massagen - Nakorn Thai Spa\" \/>\n<meta property=\"og:description\" content=\"Kr\u00e4uterstempel Massage Eine Kr\u00e4uterstempelmassage ist eine Massageform, bei der mit warmen, mit Kr\u00e4utern gef\u00fcllten Stempeln gearbeitet wird, um Entspannung und Wohlbefinden zu f\u00f6rdern. Die W\u00e4rme und die \u00e4therischen \u00d6le der Kr\u00e4uter sollen Verspannungen l\u00f6sen, die Durchblutung anregen und Stress reduzieren. Buchen\" \/>\n<meta property=\"og:url\" content=\"https:\/\/nakorn-thai-spa.de\/index.php\/kraueterstempel-massagen\/\" \/>\n<meta property=\"og:site_name\" content=\"Nakorn Thai Spa\" \/>\n<meta property=\"article:modified_time\" content=\"2025-08-02T14:32:02+00:00\" \/>\n<meta name=\"twitter:card\" content=\"summary_large_image\" \/>\n<meta name=\"twitter:label1\" content=\"Gesch\u00e4tzte Lesezeit\" \/>\n\t<meta name=\"twitter:data1\" content=\"1\u00a0Minute\" \/>\n<script type=\"application\/ld+json\" class=\"yoast-schema-graph\">{\"@context\":\"https:\\\/\\\/schema.org\",\"@graph\":[{\"@type\":\"WebPage\",\"@id\":\"https:\\\/\\\/nakorn-thai-spa.de\\\/index.php\\\/kraueterstempel-massagen\\\/\",\"url\":\"https:\\\/\\\/nakorn-thai-spa.de\\\/index.php\\\/kraueterstempel-massagen\\\/\",\"name\":\"Kr\u00e4uterstempel Massagen - Nakorn Thai Spa\",\"isPartOf\":{\"@id\":\"https:\\\/\\\/nakorn-thai-spa.de\\\/#website\"},\"datePublished\":\"2025-08-02T14:30:40+00:00\",\"dateModified\":\"2025-08-02T14:32:02+00:00\",\"breadcrumb\":{\"@id\":\"https:\\\/\\\/nakorn-thai-spa.de\\\/index.php\\\/kraueterstempel-massagen\\\/#breadcrumb\"},\"inLanguage\":\"de\",\"potentialAction\":[{\"@type\":\"ReadAction\",\"target\":[\"https:\\\/\\\/nakorn-thai-spa.de\\\/index.php\\\/kraueterstempel-massagen\\\/\"]}]},{\"@type\":\"BreadcrumbList\",\"@id\":\"https:\\\/\\\/nakorn-thai-spa.de\\\/index.php\\\/kraueterstempel-massagen\\\/#breadcrumb\",\"itemListElement\":[{\"@type\":\"ListItem\",\"position\":1,\"name\":\"Startseite\",\"item\":\"https:\\\/\\\/nakorn-thai-spa.de\\\/\"},{\"@type\":\"ListItem\",\"position\":2,\"name\":\"Kr\u00e4uterstempel Massagen\"}]},{\"@type\":\"WebSite\",\"@id\":\"https:\\\/\\\/nakorn-thai-spa.de\\\/#website\",\"url\":\"https:\\\/\\\/nakorn-thai-spa.de\\\/\",\"name\":\"Nakorn Thai Spa\",\"description\":\"by Seenuan Laier &amp; Sabine Steinhauer\",\"publisher\":{\"@id\":\"https:\\\/\\\/nakorn-thai-spa.de\\\/#organization\"},\"potentialAction\":[{\"@type\":\"SearchAction\",\"target\":{\"@type\":\"EntryPoint\",\"urlTemplate\":\"https:\\\/\\\/nakorn-thai-spa.de\\\/?s={search_term_string}\"},\"query-input\":{\"@type\":\"PropertyValueSpecification\",\"valueRequired\":true,\"valueName\":\"search_term_string\"}}],\"inLanguage\":\"de\"},{\"@type\":\"Organization\",\"@id\":\"https:\\\/\\\/nakorn-thai-spa.de\\\/#organization\",\"name\":\"Nakorn Thai Spa\",\"url\":\"https:\\\/\\\/nakorn-thai-spa.de\\\/\",\"logo\":{\"@type\":\"ImageObject\",\"inLanguage\":\"de\",\"@id\":\"https:\\\/\\\/nakorn-thai-spa.de\\\/#\\\/schema\\\/logo\\\/image\\\/\",\"url\":\"https:\\\/\\\/nakorn-thai-spa.de\\\/wp-content\\\/uploads\\\/2025\\\/07\\\/logo_nakorn_thai_spa_header-1.png\",\"contentUrl\":\"https:\\\/\\\/nakorn-thai-spa.de\\\/wp-content\\\/uploads\\\/2025\\\/07\\\/logo_nakorn_thai_spa_header-1.png\",\"width\":270,\"height\":110,\"caption\":\"Nakorn Thai Spa\"},\"image\":{\"@id\":\"https:\\\/\\\/nakorn-thai-spa.de\\\/#\\\/schema\\\/logo\\\/image\\\/\"}}]}<\/script>\n<!-- \/ Yoast SEO plugin. -->","yoast_head_json":{"title":"Kr\u00e4uterstempel Massagen - Nakorn Thai Spa","robots":{"index":"index","follow":"follow","max-snippet":"max-snippet:-1","max-image-preview":"max-image-preview:large","max-video-preview":"max-video-preview:-1"},"canonical":"https:\/\/nakorn-thai-spa.de\/index.php\/kraueterstempel-massagen\/","og_locale":"de_DE","og_type":"article","og_title":"Kr\u00e4uterstempel Massagen - Nakorn Thai Spa","og_description":"Kr\u00e4uterstempel Massage Eine Kr\u00e4uterstempelmassage ist eine Massageform, bei der mit warmen, mit Kr\u00e4utern gef\u00fcllten Stempeln gearbeitet wird, um Entspannung und Wohlbefinden zu f\u00f6rdern. Die W\u00e4rme und die \u00e4therischen \u00d6le der Kr\u00e4uter sollen Verspannungen l\u00f6sen, die Durchblutung anregen und Stress reduzieren. Buchen","og_url":"https:\/\/nakorn-thai-spa.de\/index.php\/kraueterstempel-massagen\/","og_site_name":"Nakorn Thai Spa","article_modified_time":"2025-08-02T14:32:02+00:00","twitter_card":"summary_large_image","twitter_misc":{"Gesch\u00e4tzte Lesezeit":"1\u00a0Minute"},"schema":{"@context":"https:\/\/schema.org","@graph":[{"@type":"WebPage","@id":"https:\/\/nakorn-thai-spa.de\/index.php\/kraueterstempel-massagen\/","url":"https:\/\/nakorn-thai-spa.de\/index.php\/kraueterstempel-massagen\/","name":"Kr\u00e4uterstempel Massagen - Nakorn Thai Spa","isPartOf":{"@id":"https:\/\/nakorn-thai-spa.de\/#website"},"datePublished":"2025-08-02T14:30:40+00:00","dateModified":"2025-08-02T14:32:02+00:00","breadcrumb":{"@id":"https:\/\/nakorn-thai-spa.de\/index.php\/kraueterstempel-massagen\/#breadcrumb"},"inLanguage":"de","potentialAction":[{"@type":"ReadAction","target":["https:\/\/nakorn-thai-spa.de\/index.php\/kraueterstempel-massagen\/"]}]},{"@type":"BreadcrumbList","@id":"https:\/\/nakorn-thai-spa.de\/index.php\/kraueterstempel-massagen\/#breadcrumb","itemListElement":[{"@type":"ListItem","position":1,"name":"Startseite","item":"https:\/\/nakorn-thai-spa.de\/"},{"@type":"ListItem","position":2,"name":"Kr\u00e4uterstempel Massagen"}]},{"@type":"WebSite","@id":"https:\/\/nakorn-thai-spa.de\/#website","url":"https:\/\/nakorn-thai-spa.de\/","name":"Nakorn Thai Spa","description":"by Seenuan Laier &amp; Sabine Steinhauer","publisher":{"@id":"https:\/\/nakorn-thai-spa.de\/#organization"},"potentialAction":[{"@type":"SearchAction","target":{"@type":"EntryPoint","urlTemplate":"https:\/\/nakorn-thai-spa.de\/?s={search_term_string}"},"query-input":{"@type":"PropertyValueSpecification","valueRequired":true,"valueName":"search_term_string"}}],"inLanguage":"de"},{"@type":"Organization","@id":"https:\/\/nakorn-thai-spa.de\/#organization","name":"Nakorn Thai Spa","url":"https:\/\/nakorn-thai-spa.de\/","logo":{"@type":"ImageObject","inLanguage":"de","@id":"https:\/\/nakorn-thai-spa.de\/#\/schema\/logo\/image\/","url":"https:\/\/nakorn-thai-spa.de\/wp-content\/uploads\/2025\/07\/logo_nakorn_thai_spa_header-1.png","contentUrl":"https:\/\/nakorn-thai-spa.de\/wp-content\/uploads\/2025\/07\/logo_nakorn_thai_spa_header-1.png","width":270,"height":110,"caption":"Nakorn Thai Spa"},"image":{"@id":"https:\/\/nakorn-thai-spa.de\/#\/schema\/logo\/image\/"}}]}},"_links":{"self":[{"href":"https:\/\/nakorn-thai-spa.de\/index.php\/wp-json\/wp\/v2\/pages\/851","targetHints":{"allow":["GET"]}}],"collection":[{"href":"https:\/\/nakorn-thai-spa.de\/index.php\/wp-json\/wp\/v2\/pages"}],"about":[{"href":"https:\/\/nakorn-thai-spa.de\/index.php\/wp-json\/wp\/v2\/types\/page"}],"author":[{"embeddable":true,"href":"https:\/\/nakorn-thai-spa.de\/index.php\/wp-json\/wp\/v2\/users\/1"}],"replies":[{"embeddable":true,"href":"https:\/\/nakorn-thai-spa.de\/index.php\/wp-json\/wp\/v2\/comments?post=851"}],"version-history":[{"count":4,"href":"https:\/\/nakorn-thai-spa.de\/index.php\/wp-json\/wp\/v2\/pages\/851\/revisions"}],"predecessor-version":[{"id":855,"href":"https:\/\/nakorn-thai-spa.de\/index.php\/wp-json\/wp\/v2\/pages\/851\/revisions\/855"}],"wp:attachment":[{"href":"https:\/\/nakorn-thai-spa.de\/index.php\/wp-json\/wp\/v2\/media?parent=851"}],"curies":[{"name":"wp","href":"https:\/\/api.w.org\/{rel}","templated":true}]}}